{"id":22,"date":"2017-02-14T19:36:35","date_gmt":"2017-02-14T18:36:35","guid":{"rendered":"http:\/\/www.schwerpunkt-galerie.de\/?page_id=22"},"modified":"2017-02-19T18:56:50","modified_gmt":"2017-02-19T17:56:50","slug":"ueber-mich","status":"publish","type":"page","link":"http:\/\/www.schwerpunkt-galerie.de\/index.php\/ueber-mich\/","title":{"rendered":"\u00dcber uns"},"content":{"rendered":"<p>Die Galerie wurde 1973 von Karl Piontek gegr\u00fcndet und ist ein vermutlich einmaliges Konzept in Deutschland. Es ist die einzige an eine Schule angegliederte Galerie in Deutschland. Die Idee dabei ist es, K\u00fcnstlern aus unterschiedlichsten Bereichen, insbesondere jungen K\u00fcnstlern, Akademieabsolventen, Designern und Fotografen eine Ausstellungsplattform zu bieten und gleichzeitig den Sch\u00fclern, Eltern und B\u00fcrgern der Stadt Gegenwartskunst in einem allt\u00e4glichen Rahmen nahe zu bringen, da viele Menschen den Gang ins Museum oder in eine Galerie scheuen und sonst nur wenig in direkten Kontakt mit zeitgen\u00f6ssischer Kunst kommen. Erg\u00e4nzend hierzu werden auch immer wieder K\u00fcnstler f\u00fcr Workshops in den Unterricht eingeladen.<\/p>\n<p>Die Ausstellungen finden im Schulgeb\u00e4ude des Leibniz-Gymnasiums, einem sch\u00f6nen alten Paul-Bonatz-Bau, zwei- bis dreimal j\u00e4hrlich statt und werden vollst\u00e4ndig durch einen gemeinn\u00fctzigen F\u00f6rderverein und den Kulturf\u00e4cher finanziert. Sie werden von ehrenamtlichen Mitarbeitern organisiert, um alle Werbemittel, Transportkosten, Presse, etc. k\u00fcmmert sich die Galerie, so dass f\u00fcr die K\u00fcnstler keinerlei Kosten und weitere Umst\u00e4nde entstehen und die K\u00fcnstler erhalten 100% der Einnahmen ihrer Kunstverk\u00e4ufe. Eine der Ausstellungen im Jahr findet dabei immer zur Stuttgart- Feuerbacher Kulturnacht statt.<\/p>\n<p>Like uns auf Facebook<\/p>\n<p><iframe loading=\"lazy\" id=\"lkbtn\" style=\"width: 300px; height: 20px;\" src=\"http:\/\/www.facebook.com\/plugins\/like.php?href=https%3A%2F%2Fwww.facebook.com%2FSchwerpunkt-Galerie-485845078232799%2F&amp;layout=standard&amp;show_faces=true&amp;action=like&amp;colorscheme=light\" width=\"300\" height=\"150\" frameborder=\"0\" scrolling=\"no\"><\/iframe><\/p>\n","protected":false},"excerpt":{"rendered":"<p>Die Galerie wurde 1973 von Karl Piontek gegr\u00fcndet und ist ein vermutlich einmaliges Konzept in Deutschland. Es ist die einzige an eine Schule angegliederte Galerie in Deutschland. Die Idee dabei ist es, K\u00fcnstlern aus unterschiedlichsten Bereichen, insbesondere jungen K\u00fcnstlern, Akademieabsolventen, Designern und Fotografen eine Ausstellungsplattform zu bieten und gleichzeitig den Sch\u00fclern, Eltern und B\u00fcrgern der &hellip; <\/p>\n<p class=\"link-more\"><a href=\"http:\/\/www.schwerpunkt-galerie.de\/index.php\/ueber-mich\/\" class=\"more-link\"><span class=\"screen-reader-text\">\u201e\u00dcber uns\u201c<\/span> weiterlesen<\/a><\/p>\n","protected":false},"author":1,"featured_media":130,"parent":0,"menu_order":0,"comment_status":"closed","ping_status":"closed","template":"","meta":{"footnotes":""},"class_list":["post-22","page","type-page","status-publish","has-post-thumbnail","hentry"],"_links":{"self":[{"href":"http:\/\/www.schwerpunkt-galerie.de\/index.php\/wp-json\/wp\/v2\/pages\/22","targetHints":{"allow":["GET"]}}],"collection":[{"href":"http:\/\/www.schwerpunkt-galerie.de\/index.php\/wp-json\/wp\/v2\/pages"}],"about":[{"href":"http:\/\/www.schwerpunkt-galerie.de\/index.php\/wp-json\/wp\/v2\/types\/page"}],"author":[{"embeddable":true,"href":"http:\/\/www.schwerpunkt-galerie.de\/index.php\/wp-json\/wp\/v2\/users\/1"}],"replies":[{"embeddable":true,"href":"http:\/\/www.schwerpunkt-galerie.de\/index.php\/wp-json\/wp\/v2\/comments?post=22"}],"version-history":[{"count":7,"href":"http:\/\/www.schwerpunkt-galerie.de\/index.php\/wp-json\/wp\/v2\/pages\/22\/revisions"}],"predecessor-version":[{"id":157,"href":"http:\/\/www.schwerpunkt-galerie.de\/index.php\/wp-json\/wp\/v2\/pages\/22\/revisions\/157"}],"wp:featuredmedia":[{"embeddable":true,"href":"http:\/\/www.schwerpunkt-galerie.de\/index.php\/wp-json\/wp\/v2\/media\/130"}],"wp:attachment":[{"href":"http:\/\/www.schwerpunkt-galerie.de\/index.php\/wp-json\/wp\/v2\/media?parent=22"}],"curies":[{"name":"wp","href":"https:\/\/api.w.org\/{rel}","templated":true}]}}